{"id":2723,"date":"2016-05-26T14:47:06","date_gmt":"2016-05-26T14:47:06","guid":{"rendered":"http:\/\/canadaimmigrationteam.com\/?page_id=2723"},"modified":"2024-06-21T03:19:20","modified_gmt":"2024-06-21T03:19:20","slug":"home2","status":"publish","type":"page","link":"https:\/\/canadaimmigrationteam.com\/fr\/","title":{"rendered":"Home2"},"content":{"rendered":"<body><p><\/p><\/p>\n<div class=\"section mcb-section\" style=\"padding-top: 70px; padding-bottom: 0px; background-color: #fcfcfc;\">\n<div class=\"section_wrapper mcb-section-inner\">\n<div class=\"wrap mcb-wrap one  valign-top clearfix\">\n<div class=\"mcb-wrap-inner\">\n<div class=\"column mcb-column one-third column_column  column-margin-\">\n<div class=\"column_attr\">\n<p style=\"font-size: 38px; font-weight: 500; color: #313131; line-height: 40px; margin-top: 10px;\"><i>Me. Gruszczynski et son \u00e9quipe ont comme objectif de faire venir leurs clients au Canada, et ce, de la mani\u00e8re la plus rapide possible.<\/i><\/p>\n<p style=\"text-align: right;\"><b>Mark Gruszczynski <\/b><\/p>\n<p>Canada Immigration Team<\/p>\n<\/div>\n<\/div>\n<div class=\"column mcb-column two-third column_image \">\n<div class=\"image_frame image_item no_link scale-with-grid no_border\">\n<div class=\"image_wrapper\"><img data-recalc-dims=\"1\" decoding=\"async\" class=\"scale-with-grid\" src=\"https:\/\/i0.wp.com\/canadaimmigrationteam.com\/wp-content\/uploads\/2015\/03\/canada-immigration-lawyer-team-home2.jpg?resize=920%2C442\" alt=\"\" width=\"920\" height=\"442\" loading=\"lazy\"><\/div>\n<\/div>\n<\/div>\n<div class=\"column mcb-column one column_column  column-margin-\">\n<div class=\"column_attr\">\n<div style=\"height: 6px; width: 100%; background: url('http:\/\/canadaimmigrationteam.com\/wp-content\/uploads\/2015\/03\/home_congress_divider_pattern.png'); overflow: hidden;\"><\/div>\n<\/div>\n<\/div>\n<\/div>\n<\/div>\n<\/div>\n<\/div>\n<div class=\"section mcb-section   \" style=\"padding-top: 30px; padding-bottom: 0px;\">\n<div class=\"section_wrapper mcb-section-inner\">\n<div class=\"wrap mcb-wrap one  valign-top clearfix\">\n<div class=\"mcb-wrap-inner\">\n<div class=\"column mcb-column one column_column  column-margin-10px\">\n<div class=\"column_attr\">\n<h2>Quelles sont vos options pour immigrer au Canada?<\/h2>\n<hr class=\"no_line\">\n<\/div>\n<\/div>\n<div class=\"column mcb-column one column_divider \">\n<hr class=\"no_line\">\n<\/div>\n<div class=\"column mcb-column one-third column_column  column-margin-\">\n<div class=\"column_attr\" style=\"background-color: #dcdcdc; padding: 10px;\">\n<p style=\"margin-bottom: 3px; color: #ffffff; font-size: 20px;\">Travailleur qualifi\u00e9<\/p>\n<h5 style=\"margin-bottom: 1px; font-size: 25px;\"><b><a href=\"http:\/\/canadaimmigrationteam.com\/immigrate\/skilledworkers\/express-entry\/?lang=fr\">Entr\u00e9e Expresse<\/a><\/b><\/h5>\n<p style=\"margin-bottom: 10px;\">Le programme d\u2019Entr\u00e9e Expresse est un nouveau syst\u00e8me de s\u00e9lection pour ceux d\u00e9sirant immigrer au Canada en tant que Travailleur Qualifi\u00e9.<b><\/b><\/p>\n<p><a href=\"http:\/\/canadaimmigrationteam.com\/contact\/?lang=fr\">\u00c9valuation Gratuite!<\/a><\/p>\n<hr class=\"\" style=\"margin: 0 auto 1px;\">\n<hr class=\"no_line\" style=\"margin: 0 auto 5px;\">\n<\/div>\n<\/div>\n<div class=\"column mcb-column one-third column_image \">\n<div class=\"image_frame image_item no_link scale-with-grid no_border\">\n<div class=\"image_wrapper\"><img data-recalc-dims=\"1\" decoding=\"async\" class=\"scale-with-grid\" src=\"https:\/\/i0.wp.com\/canadaimmigrationteam.com\/wp-content\/uploads\/2024\/06\/Empty.png?resize=152%2C82&#038;ssl=1\" alt=\"\" width=\"152\" height=\"82\" loading=\"lazy\"><\/div>\n<\/div>\n<\/div>\n<div class=\"column mcb-column one-third column_column  column-margin-\">\n<div class=\"column_attr\" style=\"background-color: #dcdcdc; padding: 10px;\">\n<p style=\"margin-bottom: 3px; color: #ffffff; font-size: 20px;\">Permis d\u2019\u00c9tudes au Canada<\/p>\n<h5 style=\"margin-bottom: 1px; font-size: 25px;\"><a href=\"http:\/\/canadaimmigrationteam.com\/studyprogram\/?lang=fr\">Permis d\u2019\u00c9tudes<\/a><\/h5>\n<p style=\"margin-bottom: 10px;\">Des \u00e9tudiants viennent des quatre coins du monde pour \u00e9tudier au Canada. Au Canada, le cout de la vie et les frais de scolarit\u00e9 sont habituellement plus bas qu\u2019aux autres pays d\u00e9velopp\u00e9s.<b><\/b><\/p>\n<p><a href=\"http:\/\/canadaimmigrationteam.com\/contact\/?lang=fr\">\u00c9valuation Gratuite !<\/a><\/p>\n<hr class=\"\" style=\"margin: 0 auto 1px;\">\n<hr class=\"no_line\" style=\"margin: 0 auto 5px;\">\n<\/div>\n<\/div>\n<div class=\"column mcb-column one-fourth column_column  column-margin-\">\n<div class=\"column_attr\">\n<p style=\"margin-bottom: 3px; color: #a4a4a4; font-size: 13px;\">Gens d\u2019affaires<\/p>\n<h5 style=\"margin-bottom: 10px;\"><a href=\"http:\/\/canadaimmigrationteam.com\/business\/?lang=fr\">Immigrer au Canada en tant qu\u2019Investisseur\/Entrepreneur<\/a><\/h5>\n<p style=\"margin-bottom: 20px;\">Le Canada offre deux programmes aux gens d\u2019affaires internationaux ; le Programme d\u2019Investisseurs et le Programme de Travailleurs Autonomes.<\/p>\n<\/div>\n<\/div>\n<div class=\"column mcb-column one-fourth column_column  column-margin-\">\n<div class=\"column_attr\">\n<p style=\"margin-bottom: 3px; color: #a4a4a4; font-size: 13px;\">Parrainer<\/p>\n<h5 style=\"margin-bottom: 10px;\"><a href=\"http:\/\/canadaimmigrationteam.com\/immigrate\/immigrationsponsorship\/?lang=fr\">Regroupement familial<\/a><\/h5>\n<p style=\"margin-bottom: 20px;\">Avec le programme de Parrainage Familiale, le gouvernement Canada permet aux R\u00e9sidents Permanents et aux citoyens Canadiens d\u2019achever leurs r\u00eaves, et d\u2019\u00eatre r\u00e9unis avec les membres de leur famille.<\/p>\n<hr class=\"\" style=\"margin: 0 auto 1px;\">\n<\/div>\n<\/div>\n<div class=\"column mcb-column one-fourth column_column  column-margin-\">\n<div class=\"column_attr\">\n<p style=\"margin-bottom: 3px; color: #a4a4a4; font-size: 13px;\">Demande Humanitaire<\/p>\n<h5 style=\"margin-bottom: 10px;\"><a href=\"http:\/\/canadaimmigrationteam.com\/legal-help\/refugee-humanitarian\/?lang=fr\">Protection des r\u00e9fugi\u00e9s<\/a><\/h5>\n<p style=\"margin-bottom: 20px;\">Le gouvernement du Canada croit que chaque personne, Canadien ou non, a le droit d\u2019\u00eatre prot\u00e9g\u00e9 contre toute pers\u00e9cution.<\/p>\n<hr class=\"\" style=\"margin: 0 auto 1px;\">\n<\/div>\n<\/div>\n<div class=\"column mcb-column one-fourth column_column  column-margin-\">\n<div class=\"column_attr\">\n<p style=\"margin-bottom: 3px; color: #a4a4a4; font-size: 13px;\">Options juridiques<\/p>\n<h5 style=\"margin-bottom: 10px;\"><a href=\"http:\/\/canadaimmigrationteam.com\/legal-help\/inadmissibility\/?lang=fr\">Inadmissibility Solutions<\/a><\/h5>\n<p style=\"margin-bottom: 20px;\">Il y a deux principales raisons de refus de la demande d\u2019un ressortissant \u00e9tranger d\u2019entrer ou de rester au Canada ; Inadmissibilit\u00e9 m\u00e9dicale et Irrecevabilit\u00e9 criminel.<\/p>\n<hr class=\"\" style=\"margin: 0 auto 1px;\">\n<\/div>\n<\/div>\n<\/div>\n<\/div>\n<\/div>\n<\/div>\n<div class=\"section mcb-section   \" style=\"padding-top: 20px; padding-bottom: 0px;\">\n<div class=\"section_wrapper mcb-section-inner\">\n<div class=\"wrap mcb-wrap one  valign-top clearfix\">\n<div class=\"mcb-wrap-inner\">\n<div class=\"column mcb-column three-fourth column_column  column-margin-10px\">\n<div class=\"column_attr\">\n<h2 style=\"margin: 0;\">Articles sur l\u2019immigration au Canada<\/h2>\n<\/div>\n<\/div>\n<div class=\"column mcb-column one-fourth column_column  column-margin-10px\">\n<div class=\"column_attr align_right\"><a class=\"button  button_large button_js\" href=\"http:\/\/canadaimmigrationteam.com\/blog\/\"><span class=\"button_label\">more articles<\/span><\/a><\/div>\n<\/div>\n<div class=\"column mcb-column one column_blog_slider \">\n<div class=\"blog_slider clearfix  flat\">\n<div class=\"blog_slider_header\">\n<div class=\"blog_slider_header\">\n<h4 class=\"title\">Canada Immigration Help and Articles<\/h4>\n<\/div>\n<div class=\"caroufredsel_wrapper\" style=\"display: block; text-align: start; float: none; position: relative; top: auto; right: auto; bottom: auto; left: auto; z-index: auto; width: 921px; height: 308px; margin: 0px; overflow: hidden; cursor: move;\">\n<ul class=\"blog_slider_ul\" style=\"text-align: left; float: none; position: absolute; top: 0px; right: auto; bottom: auto; left: 0px; margin: 0px; width: 3991px; height: 308px;\">\n<li class=\"post-2600 post type-post status-publish format-standard has-post-thumbnail hentry category-skilled-workers\" style=\"width: 307px;\">\n<div class=\"item_wrapper\">\n<div class=\"image_frame scale-with-grid\">\n<div class=\"image_wrapper\"><\/div>\n<\/div>\n<div class=\"date_label\">Friday May 6th, 2016<\/div>\n<div class=\"desc\">\n<h4><a href=\"http:\/\/canadaimmigrationteam.com\/legal-solutions-to-inadmissibility-for-canada-immigration\/\">Express Entry \u2013 Immigration for Skilled Workers<\/a><\/h4>\n<hr class=\"hr_color\">\n<p><a class=\"button button_left button_js kill_the_icon\" href=\"http:\/\/canadaimmigrationteam.com\/legal-solutions-to-inadmissibility-for-canada-immigration\/\"><i class=\"icon-layout\"><\/i><span class=\"button_label\">Read more<\/span><\/a><\/p>\n<\/div>\n<\/div>\n<\/li>\n<li class=\"post-2598 post type-post status-publish format-standard has-post-thumbnail hentry category-uncategorized\" style=\"width: 307px;\">\n<div class=\"item_wrapper\">\n<div class=\"image_frame scale-with-grid\">\n<div class=\"image_wrapper\"><\/div>\n<\/div>\n<div class=\"date_label\">Friday May 6th, 2016<\/div>\n<div class=\"desc\">\n<h4><a href=\"http:\/\/canadaimmigrationteam.com\/why-canada-is-immigrant-friendly\/\">Why Canada is Immigrant Friendly<\/a><\/h4>\n<hr class=\"hr_color\">\n<p><a class=\"button button_left button_js kill_the_icon\" href=\"http:\/\/canadaimmigrationteam.com\/why-canada-is-immigrant-friendly\/\"><i class=\"icon-layout\"><\/i><span class=\"button_label\">Read more<\/span><\/a><\/p>\n<\/div>\n<\/div>\n<\/li>\n<li class=\"post-2596 post type-post status-publish format-standard has-post-thumbnail hentry category-uncategorized\" style=\"width: 307px;\">\n<div class=\"item_wrapper\">\n<div class=\"image_frame scale-with-grid\">\n<div class=\"image_wrapper\"><a href=\"http:\/\/canadaimmigrationteam.com\/how-an-immigration-lawyer-can-help\/\">sizes=\u201d(max-width: 802px) 100vw, 802px\u201d srcset=\u201dhttp:\/\/canadaimmigrationteam.com\/wp-content\/uploads\/2014\/05\/canada-business-visa-1.jpg 802w, http:\/\/canadaimmigrationteam.com\/wp-content\/uploads\/2014\/05\/canada-business-visa-1-300\u00d7220.jpg 300w, http:\/\/canadaimmigrationteam.com\/wp-content\/uploads\/2014\/05\/canada-business-visa-1-768\u00d7564.jpg 768w, http:\/\/canadaimmigrationteam.com\/wp-content\/uploads\/2014\/05\/canada-business-visa-1-199\u00d7146.jpg 199w, http:\/\/canadaimmigrationteam.com\/wp-content\/uploads\/2014\/05\/canada-business-visa-1-50\u00d737.jpg 50w, http:\/\/canadaimmigrationteam.com\/wp-content\/uploads\/2014\/05\/canada-business-visa-1-102\u00d775.jpg 102w\u201d alt=\u201dcanada-business-visa\u201d width=\u201d802\u2033 height=\u201d589\u2033 \/&gt;<\/a><\/div>\n<\/div>\n<div class=\"date_label\">Friday May 6th, 2016<\/div>\n<div class=\"desc\">\n<h4><a href=\"http:\/\/canadaimmigrationteam.com\/how-an-immigration-lawyer-can-help\/\">How an Immigration Lawyer Can Help<\/a><\/h4>\n<hr class=\"hr_color\">\n<p><a class=\"button button_left button_js kill_the_icon\" href=\"http:\/\/canadaimmigrationteam.com\/how-an-immigration-lawyer-can-help\/\"><i class=\"icon-layout\"><\/i><span class=\"button_label\">Read more<\/span><\/a><\/p>\n<\/div>\n<\/div>\n<\/li>\n<li class=\"post-1 post type-post status-publish format-standard has-post-thumbnail hentry category-uncategorized\" style=\"width: 307px;\">\n<div class=\"item_wrapper\">\n<div class=\"image_frame scale-with-grid\">\n<div class=\"image_wrapper\"><a href=\"http:\/\/canadaimmigrationteam.com\/hello-world\/\"><img data-recalc-dims=\"1\" decoding=\"async\" class=\"scale-with-grid wp-post-image\" src=\"https:\/\/i0.wp.com\/canadaimmigrationteam.com\/wp-content\/uploads\/2016\/03\/canada-visa-help-couple-1.jpeg?resize=802%2C589\" sizes=\"auto, (max-width: 802px) 100vw, 802px\" srcset=\"http:\/\/canadaimmigrationteam.com\/wp-content\/uploads\/2016\/03\/canada-visa-help-couple-1.jpeg 802w, http:\/\/canadaimmigrationteam.com\/wp-content\/uploads\/2016\/03\/canada-visa-help-couple-1-300x220.jpeg 300w, http:\/\/canadaimmigrationteam.com\/wp-content\/uploads\/2016\/03\/canada-visa-help-couple-1-768x564.jpeg 768w, http:\/\/canadaimmigrationteam.com\/wp-content\/uploads\/2016\/03\/canada-visa-help-couple-1-199x146.jpeg 199w, http:\/\/canadaimmigrationteam.com\/wp-content\/uploads\/2016\/03\/canada-visa-help-couple-1-50x37.jpeg 50w, http:\/\/canadaimmigrationteam.com\/wp-content\/uploads\/2016\/03\/canada-visa-help-couple-1-102x75.jpeg 102w\" alt=\"canada-visa-help-couple-1\" width=\"802\" height=\"589\" loading=\"lazy\"><\/a><\/div>\n<\/div>\n<div class=\"date_label\">Thursday March 24th, 2016<\/div>\n<div class=\"desc\">\n<h4><a href=\"http:\/\/canadaimmigrationteam.com\/hello-world\/\">Immigration Programs for Students!<\/a><\/h4>\n<hr class=\"hr_color\">\n<p><a class=\"button button_left button_js kill_the_icon\" href=\"http:\/\/canadaimmigrationteam.com\/hello-world\/\"><i class=\"icon-layout\"><\/i><span class=\"button_label\">Read more<\/span><\/a><\/p>\n<\/div>\n<\/div>\n<\/li>\n<li class=\"post-2283 post type-post status-publish format-standard has-post-thumbnail hentry category-subjects tag-design\" style=\"width: 307px;\">\n<div class=\"item_wrapper\">\n<div class=\"image_frame scale-with-grid\">\n<div class=\"image_wrapper\"><a href=\"http:\/\/canadaimmigrationteam.com\/8\/\"><img data-recalc-dims=\"1\" decoding=\"async\" class=\"scale-with-grid wp-post-image\" src=\"https:\/\/i0.wp.com\/canadaimmigrationteam.com\/wp-content\/uploads\/2014\/05\/home_congress_post5.jpg?resize=960%2C700\" alt=\"home_congress_post5\" width=\"960\" height=\"700\" loading=\"lazy\"><\/a><\/div>\n<\/div>\n<div class=\"date_label\">Monday May 5th, 2014<\/div>\n<div class=\"desc\">\n<h4><a href=\"http:\/\/canadaimmigrationteam.com\/8\/\">Refugees in Canada<\/a><\/h4>\n<hr class=\"hr_color\">\n<p><a class=\"button button_left button_js kill_the_icon\" href=\"http:\/\/canadaimmigrationteam.com\/8\/\"><i class=\"icon-layout\"><\/i><span class=\"button_label\">Read more<\/span><\/a><\/p>\n<\/div>\n<\/div>\n<\/li>\n<\/ul>\n<\/div>\n<div class=\"slider_pagination\" style=\"display: block;\"><a class=\"selected\" href=\"#\">1<\/a><a href=\"#\">2<\/a><\/div>\n<\/div>\n<\/div>\n<\/div>\n<div class=\"column mcb-column one column_column  column-margin-\">\n<div class=\"column_attr\">\n<div style=\"height: 6px; width: 100%; background: url('http:\/\/canadaimmigrationteam.com\/wp-content\/uploads\/2015\/03\/home_congress_divider_pattern.png'); overflow: hidden;\"><\/div>\n<\/div>\n<\/div>\n<\/div>\n<\/div>\n<\/div>\n<\/div>\n<div class=\"section mcb-section   \" style=\"padding-top: 80px; padding-bottom: 40px; background-image: url('http:\/\/canadaimmigrationteam.com\/wp-content\/uploads\/2016\/04\/Canada-flag-1920x562.jpg'); background-attachment: fixed; background-size: cover; background-position: 50% 543px; background-repeat: no-repeat;\" data-enllax-ratio=\"-0.3\">\n<div class=\"section_wrapper mcb-section-inner\">\n<div class=\"wrap mcb-wrap one  valign-top clearfix\">\n<div class=\"mcb-wrap-inner\">\n<div class=\"column mcb-column one-sixth column_placeholder\">\n<div class=\"placeholder\"><\/div>\n<\/div>\n<div class=\"column mcb-column two-third column_column  column-margin-\">\n<div class=\"column_attr align_center\">\n<h2 style=\"font-weight: 500;\">N\u2019h\u00e9sitez pas \u00e0 nous appeler ou \u00e0 envoyer un courriel avec vos<\/h2>\n<hr class=\"no_line\" style=\"margin: 0 auto 35px;\">\n<h5 style=\"font-weight: 400;\"><span style=\"font-weight: bold; font-style: italic;\">demandes et questions relatives \u00e0 l\u2019immigration au Canada.<\/span><\/h5>\n<hr class=\"no_line\" style=\"margin: 0 auto 35px;\">\n<p><a class=\"button  button_large button_theme button_js\" href=\"http:\/\/canadaimmigrationteam.com\/contact\/?lang=fr\"><span class=\"button_label\">Contactez-nous!<\/span><\/a><\/p>\n<\/div>\n<\/div>\n<\/div>\n<\/div>\n<div class=\"wrap mcb-wrap one  valign-top clearfix\">\n<div class=\"mcb-wrap-inner\"><\/div>\n<\/div>\n<\/div>\n<\/div>\n<div class=\"section the_content no_content\">\n<div class=\"section_wrapper\">\n<div class=\"the_content_wrapper\"><\/div>\n<\/div>\n<\/div>\n<p><\/p>\n<\/body>","protected":false},"excerpt":{"rendered":"<p>Me. Gruszczynski et son \u00e9quipe ont comme objectif de faire venir leurs clients au Canada, et ce, de la mani\u00e8re la plus rapide possible. Mark Gruszczynski [&hellip;]<\/p>\n","protected":false},"author":3,"featured_media":0,"parent":0,"menu_order":0,"comment_status":"open","ping_status":"open","template":"","meta":{"footnotes":""},"class_list":["post-2723","page","type-page","status-publish","hentry"],"aioseo_notices":[],"jetpack_sharing_enabled":true,"_links":{"self":[{"href":"https:\/\/canadaimmigrationteam.com\/fr\/wp-json\/wp\/v2\/pages\/2723","targetHints":{"allow":["GET"]}}],"collection":[{"href":"https:\/\/canadaimmigrationteam.com\/fr\/wp-json\/wp\/v2\/pages"}],"about":[{"href":"https:\/\/canadaimmigrationteam.com\/fr\/wp-json\/wp\/v2\/types\/page"}],"author":[{"embeddable":true,"href":"https:\/\/canadaimmigrationteam.com\/fr\/wp-json\/wp\/v2\/users\/3"}],"replies":[{"embeddable":true,"href":"https:\/\/canadaimmigrationteam.com\/fr\/wp-json\/wp\/v2\/comments?post=2723"}],"version-history":[{"count":121,"href":"https:\/\/canadaimmigrationteam.com\/fr\/wp-json\/wp\/v2\/pages\/2723\/revisions"}],"predecessor-version":[{"id":3676,"href":"https:\/\/canadaimmigrationteam.com\/fr\/wp-json\/wp\/v2\/pages\/2723\/revisions\/3676"}],"wp:attachment":[{"href":"https:\/\/canadaimmigrationteam.com\/fr\/wp-json\/wp\/v2\/media?parent=2723"}],"curies":[{"name":"wp","href":"https:\/\/api.w.org\/{rel}","templated":true}]}}