{"id":2420,"date":"2016-04-13T05:13:24","date_gmt":"2016-04-13T05:13:24","guid":{"rendered":"http:\/\/canadaimmigrationteam.com\/?page_id=2420"},"modified":"2016-05-14T03:54:05","modified_gmt":"2016-05-14T03:54:05","slug":"legal-help","status":"publish","type":"page","link":"https:\/\/canadaimmigrationteam.com\/fr\/legal-help\/","title":{"rendered":"Assistance juridique"},"content":{"rendered":"<body><p><hr class=\"no_line\" style=\"margin: 0 auto 40px;\"\/>\n<\/p>\n<h1>Assistance juridique<\/h1>\n<p><em>Avez-vous besoin de conseils et services fiables en immigration canadienne?<\/em><br>\nLes ressortissants \u00e9trangers de partout \u00e0 travers le monde cherchent \u00e0 entrer et \u00e0 rester au Canada pour de nombreuses raisons. Que ce soit un r\u00e9fugi\u00e9 craignant un retour \u00e0 son pays d\u2019origine, ou quelqu\u2019un qui ne d\u00e9sire pas abandonner les racines et les liens qu\u2019il a cr\u00e9\u00e9 au cours de son s\u00e9jour au Canada, notre cabinet est tr\u00e8s exp\u00e9riment\u00e9 et qualifi\u00e9 pour vous aider \u00e0 obtenir le statut de r\u00e9sident permanent au Canada.<\/p>\n<p>Si vous \u00eates entr\u00e9 au Canada en tant que r\u00e9fugi\u00e9 et vous craignez qu\u2019un retour dans votre pays d\u2019origine se traduira par de la pers\u00e9cution s\u00e9v\u00e8re, notre bureau peut vous aider \u00e0 obtenir le statut de R\u00e9fugi\u00e9 au Canada.<br>\nDans certains cas, les ressortissants \u00e9trangers qui sont rest\u00e9s au Canada pendant une p\u00e9riode prolong\u00e9e de temps ont cr\u00e9\u00e9 une vie pour eux-m\u00eames et pour leurs familles. Ces personnes peuvent revendiquer le statut de R\u00e9sident Permanent gr\u00e2ce au programme Humanitaire offert par le gouvernement Canadien.<br>\nDe plus, de nombreux demandeurs se voient refuser l\u2019entr\u00e9e au Canada pour un certain nombre de raisons, notamment la possession de toute sorte de casier judiciaire ou \u00e0 cause de certaines conditions m\u00e9dicales. Cependant, il est crucial de comprendre qu\u2019il existe d\u2019autres moyens pour entrer au Canada, m\u00eame si vous avez \u00e9t\u00e9 refus\u00e9 la premi\u00e8re fois.<br>\nPour de plus amples renseignements sur les programmes de r\u00e9fugi\u00e9s et Humanitaires au Canada, ainsi que des informations concernant l\u2019interdiction de territoire et le refus au Canada, s\u2019il vous pla\u00eet communiquer avec notre cabinet d\u2019avocats et recevez votre \u00e9valuation gratuite instantan\u00e9ment !<\/p>\n<hr class=\"no_line\" style=\"margin: 0 auto 10px;\"\/>\n\n<h3 style=\"font-weight: 500;\">Contactez-nous<\/h3>\n<h5 style=\"font-weight: 400;\">N\u2019h\u00e9sitez pas \u00e0 nous appeler ou \u00e0 envoyer un courriel avec vos<br>\n<span style=\"font-weight: bold; font-style: italic;\">demandes et questions relatives \u00e0 l\u2019immigration au Canada.<\/span><\/h5>\n<a class=\"button  button_left button_large button_js\" href=\"http:\/\/canadaimmigrationteam.com\/contact\/?lang=fr\"     ><span class=\"button_icon\"><i class=\"icon-down-open-mini\" ><\/i><\/span><span class=\"button_label\">Nous joindre<\/span><\/a>\n\n<p><hr class=\"no_line\" style=\"margin: 0 auto 10px;\"\/>\n<\/p>\n<\/body>","protected":false},"excerpt":{"rendered":"<p>Assistance juridique Avez-vous besoin de conseils et services fiables en immigration canadienne? Les ressortissants \u00e9trangers de partout \u00e0 travers le monde cherchent \u00e0 entrer et \u00e0 [&hellip;]<\/p>\n","protected":false},"author":1,"featured_media":0,"parent":0,"menu_order":0,"comment_status":"closed","ping_status":"open","template":"","meta":{"footnotes":""},"class_list":["post-2420","page","type-page","status-publish","hentry"],"aioseo_notices":[],"jetpack_sharing_enabled":true,"_links":{"self":[{"href":"https:\/\/canadaimmigrationteam.com\/fr\/wp-json\/wp\/v2\/pages\/2420","targetHints":{"allow":["GET"]}}],"collection":[{"href":"https:\/\/canadaimmigrationteam.com\/fr\/wp-json\/wp\/v2\/pages"}],"about":[{"href":"https:\/\/canadaimmigrationteam.com\/fr\/wp-json\/wp\/v2\/types\/page"}],"author":[{"embeddable":true,"href":"https:\/\/canadaimmigrationteam.com\/fr\/wp-json\/wp\/v2\/users\/1"}],"replies":[{"embeddable":true,"href":"https:\/\/canadaimmigrationteam.com\/fr\/wp-json\/wp\/v2\/comments?post=2420"}],"version-history":[{"count":9,"href":"https:\/\/canadaimmigrationteam.com\/fr\/wp-json\/wp\/v2\/pages\/2420\/revisions"}],"predecessor-version":[{"id":2686,"href":"https:\/\/canadaimmigrationteam.com\/fr\/wp-json\/wp\/v2\/pages\/2420\/revisions\/2686"}],"wp:attachment":[{"href":"https:\/\/canadaimmigrationteam.com\/fr\/wp-json\/wp\/v2\/media?parent=2420"}],"curies":[{"name":"wp","href":"https:\/\/api.w.org\/{rel}","templated":true}]}}