{"id":2414,"date":"2016-04-13T04:57:18","date_gmt":"2016-04-13T04:57:18","guid":{"rendered":"http:\/\/canadaimmigrationteam.com\/?page_id=2414"},"modified":"2016-05-14T04:00:09","modified_gmt":"2016-05-14T04:00:09","slug":"quebec-skilled-workers","status":"publish","type":"page","link":"https:\/\/canadaimmigrationteam.com\/fr\/immigrate\/skilledworkers\/quebec-skilled-workers\/","title":{"rendered":"Le Programme Qu\u00e9b\u00e9cois"},"content":{"rendered":"<body><p><hr class=\"no_line\" style=\"margin: 0 auto 40px;\"\/>\n<\/p>\n<h1>Programme des travailleurs qualifi\u00e9s du Qu\u00e9bec<\/h1>\n<p>Tout travailleur qualifi\u00e9 qui cherche \u00e0 immigrer au Qu\u00e9bec doit envoyer leur application pour R\u00e9sidence Permanente dans le cadre du programme de Travailleurs Qualifi\u00e9s Qu\u00e9b\u00e9cois.  Le gouvernement Qu\u00e9b\u00e9cois invite ceux qu\u2019il juge comme \u00e9tant les meilleurs candidats \u00e0 devenir des R\u00e9sidents Permanents. Si vous r\u00e9ussissez \u00e0 \u00eatre choisi pour le programme Qu\u00e9b\u00e9cois, vous recevrez, avec votre statut de R\u00e9sident Permanent, un Certificat de S\u00e9lection du Qu\u00e9bec. <\/p>\n<h5>Les \u00e9valuations des applications de Travailleurs Qualifi\u00e9s peuvent varier<\/h5>\n<p>Les programmes de Travailleurs Qualifi\u00e9s sont class\u00e9s en accordance avec certains crit\u00e8res, incluant l\u2019\u00e9ducation de l\u2019appliquant, son exp\u00e9rience de travail et ses capacit\u00e9s linguistiques. Par contre, les appliquants sous le programme Qu\u00e9b\u00e9cois de Travailleurs Qualifi\u00e9s sont assujettis \u00e0 une liste de crit\u00e8res qui diff\u00e8re des crit\u00e8res exig\u00e9s dans le programme f\u00e9d\u00e9ral. Donc, il se peut que certains appliquants soient plus adapt\u00e9s \u00e0 un programme plut\u00f4t que l\u2019autre.<\/p>\n<h5>Est-ce-que le programme de Travailleurs Qualifi\u00e9s est pour vous ?<\/h5>\n<p>Pour plus d\u2019information concernant le programme de Travailleurs Qualifi\u00e9s au Qu\u00e9bec, n\u2019h\u00e9sitez pas d\u2019appeler notre bureau. Il nous fera un plaisir de vous conseiller. Vous recevrez une consultation t\u00e9l\u00e9phonique sans frais! <\/p>\n<hr class=\"no_line\" style=\"margin: 0 auto 20px;\"\/>\n\n<h3 style=\"font-weight: 500;\">Contactez-nous<\/h3>\n<h5 style=\"font-weight: 400;\">N\u2019h\u00e9sitez pas \u00e0 nous appeler ou \u00e0 envoyer un courriel avec vos<br>\n<span style=\"font-weight: bold; font-style: italic;\">demandes et questions relatives \u00e0 l\u2019immigration au Canada.<\/span><\/h5>\n<a class=\"button  button_left button_large button_js\" href=\"http:\/\/canadaimmigrationteam.com\/contact\/?lang=fr\"     ><span class=\"button_icon\"><i class=\"icon-down-open-mini\" ><\/i><\/span><span class=\"button_label\">Nous joindre<\/span><\/a>\n\n<hr class=\"no_line\" style=\"margin: 0 auto 10px;\"\/>\n\n<p><\/p>\n<\/body>","protected":false},"excerpt":{"rendered":"<p>Programme des travailleurs qualifi\u00e9s du Qu\u00e9bec Tout travailleur qualifi\u00e9 qui cherche \u00e0 immigrer au Qu\u00e9bec doit envoyer leur application pour R\u00e9sidence Permanente dans le cadre du [&hellip;]<\/p>\n","protected":false},"author":1,"featured_media":0,"parent":2405,"menu_order":0,"comment_status":"closed","ping_status":"open","template":"","meta":{"footnotes":""},"class_list":["post-2414","page","type-page","status-publish","hentry"],"aioseo_notices":[],"jetpack_sharing_enabled":true,"_links":{"self":[{"href":"https:\/\/canadaimmigrationteam.com\/fr\/wp-json\/wp\/v2\/pages\/2414","targetHints":{"allow":["GET"]}}],"collection":[{"href":"https:\/\/canadaimmigrationteam.com\/fr\/wp-json\/wp\/v2\/pages"}],"about":[{"href":"https:\/\/canadaimmigrationteam.com\/fr\/wp-json\/wp\/v2\/types\/page"}],"author":[{"embeddable":true,"href":"https:\/\/canadaimmigrationteam.com\/fr\/wp-json\/wp\/v2\/users\/1"}],"replies":[{"embeddable":true,"href":"https:\/\/canadaimmigrationteam.com\/fr\/wp-json\/wp\/v2\/comments?post=2414"}],"version-history":[{"count":12,"href":"https:\/\/canadaimmigrationteam.com\/fr\/wp-json\/wp\/v2\/pages\/2414\/revisions"}],"predecessor-version":[{"id":2693,"href":"https:\/\/canadaimmigrationteam.com\/fr\/wp-json\/wp\/v2\/pages\/2414\/revisions\/2693"}],"up":[{"embeddable":true,"href":"https:\/\/canadaimmigrationteam.com\/fr\/wp-json\/wp\/v2\/pages\/2405"}],"wp:attachment":[{"href":"https:\/\/canadaimmigrationteam.com\/fr\/wp-json\/wp\/v2\/media?parent=2414"}],"curies":[{"name":"wp","href":"https:\/\/api.w.org\/{rel}","templated":true}]}}