{"id":2,"date":"2016-03-24T16:06:55","date_gmt":"2016-03-24T16:06:55","guid":{"rendered":"http:\/\/canadaimmigrationteam.com\/\/?page_id=2"},"modified":"2024-06-16T02:12:38","modified_gmt":"2024-06-16T02:12:38","slug":"about","status":"publish","type":"page","link":"https:\/\/canadaimmigrationteam.com\/fr\/about\/","title":{"rendered":"Apropos"},"content":{"rendered":"<body><p><\/p><hr class=\"no_line\" style=\"margin: 0 auto 40px;\"\/>\n<\/p>\n<h1>Apropos Canada Immigration Team<\/h1>\n<p><img data-recalc-dims=\"1\" decoding=\"async\" class=\"size-medium wp-image-2387 alignright\" src=\"https:\/\/i0.wp.com\/canadaimmigrationteam.com\/wp-content\/uploads\/2016\/03\/canada-immigration-laywer-.jpg?resize=300%2C287\" alt=\"canada-immigration-lawyer-\" width=\"300\" height=\"287\" loading=\"lazy\" srcset=\"https:\/\/i0.wp.com\/canadaimmigrationteam.com\/wp-content\/uploads\/2016\/03\/canada-immigration-laywer-.jpg?resize=300%2C287&amp;ssl=1 300w, https:\/\/i0.wp.com\/canadaimmigrationteam.com\/wp-content\/uploads\/2016\/03\/canada-immigration-laywer-.jpg?resize=768%2C736&amp;ssl=1 768w, https:\/\/i0.wp.com\/canadaimmigrationteam.com\/wp-content\/uploads\/2016\/03\/canada-immigration-laywer-.jpg?resize=152%2C146&amp;ssl=1 152w, https:\/\/i0.wp.com\/canadaimmigrationteam.com\/wp-content\/uploads\/2016\/03\/canada-immigration-laywer-.jpg?resize=50%2C48&amp;ssl=1 50w, https:\/\/i0.wp.com\/canadaimmigrationteam.com\/wp-content\/uploads\/2016\/03\/canada-immigration-laywer-.jpg?resize=78%2C75&amp;ssl=1 78w, https:\/\/i0.wp.com\/canadaimmigrationteam.com\/wp-content\/uploads\/2016\/03\/canada-immigration-laywer-.jpg?w=954&amp;ssl=1 954w\" sizes=\"auto, (max-width: 300px) 100vw, 300px\" \/>Me. Mark Gruszczynski et son \u00e9quipe hautement exp\u00e9riment\u00e9s ont 30 ans d\u2019exp\u00e9rience dans le domaine d\u2019immigration au Canada.<\/p>\n<p>Au fur du temps, Me. Gruszczynski et son \u00e9quipe se sont sp\u00e9cialis\u00e9es dans tous les domaines d\u2019immigration Canadienne. Me. Gruszczynski est reconnu comme \u00e9tant un des meilleurs avocats au pays dans ce domaine. Il offre des conseils juridiques et est mandataire pour ceux qui d\u00e9sirent immigrer au Canada.<\/p>\n<h4><b>Avocats sp\u00e9cialis\u00e9s en immigration <\/b><\/h4>\n<p>Me. Gruszczynski et son \u00e9quipe ont comme objectif de faire venir leurs clients au Canada, et ce, de la mani\u00e8re la plus rapide possible.<\/p>\n<p>Des ressortissants \u00e9trangers des quatre coins du monde viennent consulter Me. Gruszczynski, car il est reconnu comme \u00e9tant capable de r\u00e9soudre tout dossier, peu importe la complexit\u00e9. Tout au long du processus d\u2019immigration, nous serons avec vous, puisque notre bureau joue le r\u00f4le de mandataire et de conseiller.<\/p>\n<p><img data-recalc-dims=\"1\" decoding=\"async\" class=\"alignright wp-image-2646 size-medium\" src=\"https:\/\/i0.wp.com\/canadaimmigrationteam.com\/wp-content\/uploads\/2016\/03\/jonathan-gruszczynski-canada-lawyer.jpg?resize=300%2C200\" alt=\"jonathan-gruszczynski-canada-lawyer\" width=\"300\" height=\"200\" loading=\"lazy\" srcset=\"https:\/\/i0.wp.com\/canadaimmigrationteam.com\/wp-content\/uploads\/2016\/03\/jonathan-gruszczynski-canada-lawyer.jpg?resize=300%2C200&amp;ssl=1 300w, https:\/\/i0.wp.com\/canadaimmigrationteam.com\/wp-content\/uploads\/2016\/03\/jonathan-gruszczynski-canada-lawyer.jpg?resize=768%2C512&amp;ssl=1 768w, https:\/\/i0.wp.com\/canadaimmigrationteam.com\/wp-content\/uploads\/2016\/03\/jonathan-gruszczynski-canada-lawyer.jpg?resize=219%2C146&amp;ssl=1 219w, https:\/\/i0.wp.com\/canadaimmigrationteam.com\/wp-content\/uploads\/2016\/03\/jonathan-gruszczynski-canada-lawyer.jpg?resize=50%2C33&amp;ssl=1 50w, https:\/\/i0.wp.com\/canadaimmigrationteam.com\/wp-content\/uploads\/2016\/03\/jonathan-gruszczynski-canada-lawyer.jpg?resize=112%2C75&amp;ssl=1 112w, https:\/\/i0.wp.com\/canadaimmigrationteam.com\/wp-content\/uploads\/2016\/03\/jonathan-gruszczynski-canada-lawyer.jpg?w=769&amp;ssl=1 769w\" sizes=\"auto, (max-width: 300px) 100vw, 300px\" \/>Notre bureau est situ\u00e9 au c\u0153ur de la municipalit\u00e9 de Westmount. Nous sommes fiers d\u2019offrir \u00e0 nos clients un service personnalis\u00e9 et d\u00e9di\u00e9 \u00e0 eux, aussi bien que notre capacit\u00e9 \u00e0 r\u00e9soudre n\u2019importe quel probl\u00e8me qui pourrait apparaitre au long de vos efforts d\u2019immigrer au Canada.<br>\n<!--\n\n\n<blockquote>From all around the world, foreign nationals seek legal advice from Mark Gruszczynski due to his particular ability to resolve even the most complex and difficult of cases.<\/blockquote>\n\n\nCanada Immigration Team is a boutique immigration law firm <a href=\"http:\/\/canadaimmigrationteam.com\/index.php\/contact\/\">situated in the heart of Westmount, Canada<\/a>. We are a law firm that prides itself on dedication and personal service and counsel to our clients, as well as our ability to resolve any issue our clients encounter along their journey to Canada.\n\nOne of the most recent welcomed additions to the law firm has been Attorney Jonathan Gruszczynski, cjc. A graduate of Mcgill Law School, Jonathan Gruszczynski is a member of both the Law Society of Upper Canada and the Barreau Du Quebec. Jonathan Gruszczynski brings with him his experience and knowledge in Family law and Immigration law.--><\/p>\n<hr class=\"no_line\" style=\"margin: 0 auto 10px;\"\/>\n\n<h3 style=\"font-weight: 500;\">Contactez-nous<\/h3>\n<h5 style=\"font-weight: 400;\">N\u2019h\u00e9sitez pas \u00e0 nous appeler ou \u00e0 envoyer un courriel avec vos<br>\n<span style=\"font-weight: bold; font-style: italic;\">demandes et questions relatives \u00e0 l\u2019immigration au Canada.<\/span><\/h5>\n<p><a class=\"button  button_left button_large button_js\" href=\"http:\/\/canadaimmigrationteam.com\/contact\/?lang=fr\"     ><span class=\"button_icon\"><i class=\"icon-down-open-mini\" ><\/i><\/span><span class=\"button_label\">Nous joindre<\/span><\/a>\n<\/p>\n<\/body>","protected":false},"excerpt":{"rendered":"<p>Apropos Canada Immigration Team Me. Mark Gruszczynski et son \u00e9quipe hautement exp\u00e9riment\u00e9s ont 30 ans d\u2019exp\u00e9rience dans le domaine d\u2019immigration au Canada. Au fur du temps, [&hellip;]<\/p>\n","protected":false},"author":1,"featured_media":0,"parent":0,"menu_order":0,"comment_status":"closed","ping_status":"open","template":"","meta":{"footnotes":""},"class_list":["post-2","page","type-page","status-publish","hentry"],"aioseo_notices":[],"jetpack_sharing_enabled":true,"_links":{"self":[{"href":"https:\/\/canadaimmigrationteam.com\/fr\/wp-json\/wp\/v2\/pages\/2","targetHints":{"allow":["GET"]}}],"collection":[{"href":"https:\/\/canadaimmigrationteam.com\/fr\/wp-json\/wp\/v2\/pages"}],"about":[{"href":"https:\/\/canadaimmigrationteam.com\/fr\/wp-json\/wp\/v2\/types\/page"}],"author":[{"embeddable":true,"href":"https:\/\/canadaimmigrationteam.com\/fr\/wp-json\/wp\/v2\/users\/1"}],"replies":[{"embeddable":true,"href":"https:\/\/canadaimmigrationteam.com\/fr\/wp-json\/wp\/v2\/comments?post=2"}],"version-history":[{"count":40,"href":"https:\/\/canadaimmigrationteam.com\/fr\/wp-json\/wp\/v2\/pages\/2\/revisions"}],"predecessor-version":[{"id":3611,"href":"https:\/\/canadaimmigrationteam.com\/fr\/wp-json\/wp\/v2\/pages\/2\/revisions\/3611"}],"wp:attachment":[{"href":"https:\/\/canadaimmigrationteam.com\/fr\/wp-json\/wp\/v2\/media?parent=2"}],"curies":[{"name":"wp","href":"https:\/\/api.w.org\/{rel}","templated":true}]}}